{"id":70,"date":"2024-06-28T01:00:45","date_gmt":"2024-06-27T23:00:45","guid":{"rendered":"https:\/\/www.360bodyrevolution.de\/?post_type=product&#038;p=70"},"modified":"2025-03-06T01:41:13","modified_gmt":"2025-03-06T00:41:13","slug":"360-bodyrevolution-ganzkoerperkraeftigungskurs","status":"publish","type":"product","link":"https:\/\/www.360bodyrevolution.de\/en\/product\/360-bodyrevolution-ganzkoerperkraeftigungskurs\/","title":{"rendered":"360 BodyRevolution \u2013 Ganzk\u00f6rperkr\u00e4ftigungskurs"},"content":{"rendered":"<p>Unser 360 Bodyrevolution Onlinekurs konzentriert sich auf die grundlegenden Prinzipien der Ganzk\u00f6rperkr\u00e4ftigung. Diese umfassen Kontrolle, Zentrierung und Atmung in der Bewegung. Unser Ziel ist es, durch Konzentration, Pr\u00e4zision und flie\u00dfende Bewegungen die Stabilit\u00e4t, Spannung und Elastizit\u00e4t Ihres K\u00f6rpers zu verbessern.<\/p>\n<p>Der Kurs ist darauf ausgelegt, Ihnen zu helfen, ein klar definiertes Trainingsziel zu erreichen. Jede Stunde widmet sich einem bestimmten Schwerpunkt und f\u00fchrt Sie von der Theorie zur Praxis, wobei die \u00dcbungen wiederholt und verfeinert werden, bis sie perfekt sitzen. Durch diesen strukturierten Ansatz erweitern Sie nicht nur Ihre Erfahrung, sondern entwickeln auch ein tiefes Verst\u00e4ndnis f\u00fcr die Zusammenh\u00e4nge im K\u00f6rper.<\/p>\n<p>Mit regelm\u00e4\u00dfigen Einheiten werden Sie eine deutliche Ver\u00e4nderung in Spannung und Kraft sp\u00fcren, besonders wenn Sie zweimal pro Woche trainieren. Unser Kurs teilt den K\u00f6rper in thematische Bereiche wie Wirbels\u00e4ule und Kopf, Schulterg\u00fcrtel und Arme sowie Beckeng\u00fcrtel und Beine ein. So k\u00f6nnen wir uns gezielt auf einzelne K\u00f6rperregionen konzentrieren, w\u00e4hrend der gesamte K\u00f6rper in jeder \u00dcbung aktiv bleibt.<\/p>\n<p>Wir freuen uns, dass Sie dabei sind und w\u00fcnschen Ihnen viel Spa\u00df und Erfolg in den ersten zehn schwei\u00dftreibenden Stunden dieses Kurses.<\/p>","protected":false},"excerpt":{"rendered":"<ul>\n<li><strong>Fokus:<\/strong> Ganzk\u00f6rperkr\u00e4ftigung<\/li>\n<li><strong>Ziele:<\/strong> Verbesserung von Stabilit\u00e4t, Spannung und Elastizit\u00e4t<\/li>\n<li><strong>Methodik:<\/strong> Theorie und Praxis mit wiederholten \u00dcbungen<\/li>\n<li><strong>Aufbau:<\/strong> Wirbels\u00e4ule &amp; Kopf, Schulterg\u00fcrtel &amp; Arme, Beckeng\u00fcrtel &amp; Beine<\/li>\n<li><strong>Trainingsumfang:<\/strong> Sp\u00fcrbare Ver\u00e4nderungen bei 2x\/Woche Training<\/li>\n<li><strong>Besonderheiten:<\/strong> Erweiterung des Erfahrungsschatzes, Verst\u00e4ndnis f\u00fcr K\u00f6rperzusammenh\u00e4nge<\/li>\n<\/ul>","protected":false},"featured_media":1478,"template":"","meta":[],"product_brand":[],"product_cat":[23],"product_tag":[],"class_list":{"0":"post-70","1":"product","2":"type-product","3":"status-publish","4":"has-post-thumbnail","6":"product_cat-unkategorisiert","7":"product_shipping_class-tonemeup-pro-band","9":"first","10":"instock","11":"sold-individually","12":"shipping-taxable","13":"purchasable","14":"product-type-simple"},"yoast_head":"<!-- This site is optimized with the Yoast SEO plugin v27.5 - https:\/\/yoast.com\/product\/yoast-seo-wordpress\/ -->\n<title>360 Bodyrevolution - Ganzk\u00f6rperkr\u00e4ftigungskurs<\/title>\n<meta name=\"robots\" content=\"noindex, follow\" \/>\n<meta property=\"og:locale\" content=\"en_US\" \/>\n<meta property=\"og:type\" content=\"article\" \/>\n<meta property=\"og:title\" content=\"360 Bodyrevolution - Ganzk\u00f6rperkr\u00e4ftigungskurs\" \/>\n<meta property=\"og:description\" content=\"Fokus: Ganzk\u00f6rperkr\u00e4ftigung  Ziele: Verbesserung von Stabilit\u00e4t, Spannung und Elastizit\u00e4t  Methodik: Theorie und Praxis mit wiederholten \u00dcbungen  Aufbau: Wirbels\u00e4ule &amp; Kopf, Schulterg\u00fcrtel &amp; Arme, Beckeng\u00fcrtel &amp; Beine  Trainingsumfang: Sp\u00fcrbare Ver\u00e4nderungen bei 2x\/Woche Training  Besonderheiten: Erweiterung des Erfahrungsschatzes, Verst\u00e4ndnis f\u00fcr K\u00f6rperzusammenh\u00e4nge\" \/>\n<meta property=\"og:url\" content=\"https:\/\/www.360bodyrevolution.de\/en\/product\/360-bodyrevolution-ganzkoerperkraeftigungskurs\/\" \/>\n<meta property=\"og:site_name\" content=\"360 Bodyrevolution\" \/>\n<meta property=\"article:modified_time\" content=\"2025-03-06T00:41:13+00:00\" \/>\n<meta property=\"og:image\" content=\"https:\/\/www.360bodyrevolution.de\/wp-content\/uploads\/2024\/10\/360.jpg\" \/>\n\t<meta property=\"og:image:width\" content=\"1200\" \/>\n\t<meta property=\"og:image:height\" content=\"737\" \/>\n\t<meta property=\"og:image:type\" content=\"image\/jpeg\" \/>\n<meta name=\"twitter:card\" content=\"summary_large_image\" \/>\n<meta name=\"twitter:label1\" content=\"Est. reading time\" \/>\n\t<meta name=\"twitter:data1\" content=\"2 minutes\" \/>\n<script type=\"application\/ld+json\" class=\"yoast-schema-graph\">{\"@context\":\"https:\\\/\\\/schema.org\",\"@graph\":[{\"@type\":\"WebPage\",\"@id\":\"https:\\\/\\\/www.360bodyrevolution.de\\\/produkt\\\/360-bodyrevolution-ganzkoerperkraeftigungskurs\\\/\",\"url\":\"https:\\\/\\\/www.360bodyrevolution.de\\\/produkt\\\/360-bodyrevolution-ganzkoerperkraeftigungskurs\\\/\",\"name\":\"360 Bodyrevolution - Ganzk\u00f6rperkr\u00e4ftigungskurs\",\"isPartOf\":{\"@id\":\"https:\\\/\\\/www.360bodyrevolution.de\\\/#website\"},\"primaryImageOfPage\":{\"@id\":\"https:\\\/\\\/www.360bodyrevolution.de\\\/produkt\\\/360-bodyrevolution-ganzkoerperkraeftigungskurs\\\/#primaryimage\"},\"image\":{\"@id\":\"https:\\\/\\\/www.360bodyrevolution.de\\\/produkt\\\/360-bodyrevolution-ganzkoerperkraeftigungskurs\\\/#primaryimage\"},\"thumbnailUrl\":\"https:\\\/\\\/www.360bodyrevolution.de\\\/wp-content\\\/uploads\\\/2024\\\/10\\\/360-1.jpg\",\"datePublished\":\"2024-06-27T23:00:45+00:00\",\"dateModified\":\"2025-03-06T00:41:13+00:00\",\"breadcrumb\":{\"@id\":\"https:\\\/\\\/www.360bodyrevolution.de\\\/produkt\\\/360-bodyrevolution-ganzkoerperkraeftigungskurs\\\/#breadcrumb\"},\"inLanguage\":\"en-US\",\"potentialAction\":[{\"@type\":\"ReadAction\",\"target\":[\"https:\\\/\\\/www.360bodyrevolution.de\\\/produkt\\\/360-bodyrevolution-ganzkoerperkraeftigungskurs\\\/\"]}]},{\"@type\":\"ImageObject\",\"inLanguage\":\"en-US\",\"@id\":\"https:\\\/\\\/www.360bodyrevolution.de\\\/produkt\\\/360-bodyrevolution-ganzkoerperkraeftigungskurs\\\/#primaryimage\",\"url\":\"https:\\\/\\\/www.360bodyrevolution.de\\\/wp-content\\\/uploads\\\/2024\\\/10\\\/360-1.jpg\",\"contentUrl\":\"https:\\\/\\\/www.360bodyrevolution.de\\\/wp-content\\\/uploads\\\/2024\\\/10\\\/360-1.jpg\",\"width\":1200,\"height\":737},{\"@type\":\"BreadcrumbList\",\"@id\":\"https:\\\/\\\/www.360bodyrevolution.de\\\/produkt\\\/360-bodyrevolution-ganzkoerperkraeftigungskurs\\\/#breadcrumb\",\"itemListElement\":[{\"@type\":\"ListItem\",\"position\":1,\"name\":\"Startseite\",\"item\":\"https:\\\/\\\/www.360bodyrevolution.de\\\/step\\\/360-landingpage\\\/\"},{\"@type\":\"ListItem\",\"position\":2,\"name\":\"Shop\",\"item\":\"https:\\\/\\\/www.360bodyrevolution.de\\\/shop\\\/\"},{\"@type\":\"ListItem\",\"position\":3,\"name\":\"360 BodyRevolution \u2013 Ganzk\u00f6rperkr\u00e4ftigungskurs\"}]},{\"@type\":\"WebSite\",\"@id\":\"https:\\\/\\\/www.360bodyrevolution.de\\\/#website\",\"url\":\"https:\\\/\\\/www.360bodyrevolution.de\\\/\",\"name\":\"360 Bodyrevolution\",\"description\":\"\",\"publisher\":{\"@id\":\"https:\\\/\\\/www.360bodyrevolution.de\\\/#organization\"},\"potentialAction\":[{\"@type\":\"SearchAction\",\"target\":{\"@type\":\"EntryPoint\",\"urlTemplate\":\"https:\\\/\\\/www.360bodyrevolution.de\\\/?s={search_term_string}\"},\"query-input\":{\"@type\":\"PropertyValueSpecification\",\"valueRequired\":true,\"valueName\":\"search_term_string\"}}],\"inLanguage\":\"en-US\"},{\"@type\":\"Organization\",\"@id\":\"https:\\\/\\\/www.360bodyrevolution.de\\\/#organization\",\"name\":\"360 Bodyrevolution\",\"url\":\"https:\\\/\\\/www.360bodyrevolution.de\\\/\",\"logo\":{\"@type\":\"ImageObject\",\"inLanguage\":\"en-US\",\"@id\":\"https:\\\/\\\/www.360bodyrevolution.de\\\/#\\\/schema\\\/logo\\\/image\\\/\",\"url\":\"https:\\\/\\\/www.360bodyrevolution.de\\\/wp-content\\\/uploads\\\/2024\\\/05\\\/cropped-IMG_2034-scaled-1.jpg\",\"contentUrl\":\"https:\\\/\\\/www.360bodyrevolution.de\\\/wp-content\\\/uploads\\\/2024\\\/05\\\/cropped-IMG_2034-scaled-1.jpg\",\"width\":2559,\"height\":1502,\"caption\":\"360 Bodyrevolution\"},\"image\":{\"@id\":\"https:\\\/\\\/www.360bodyrevolution.de\\\/#\\\/schema\\\/logo\\\/image\\\/\"}}]}<\/script>\n<!-- \/ Yoast SEO plugin. -->","yoast_head_json":{"title":"360 Bodyrevolution - Ganzk\u00f6rperkr\u00e4ftigungskurs","robots":{"index":"noindex","follow":"follow"},"og_locale":"en_US","og_type":"article","og_title":"360 Bodyrevolution - Ganzk\u00f6rperkr\u00e4ftigungskurs","og_description":"Fokus: Ganzk\u00f6rperkr\u00e4ftigung  Ziele: Verbesserung von Stabilit\u00e4t, Spannung und Elastizit\u00e4t  Methodik: Theorie und Praxis mit wiederholten \u00dcbungen  Aufbau: Wirbels\u00e4ule &amp; Kopf, Schulterg\u00fcrtel &amp; Arme, Beckeng\u00fcrtel &amp; Beine  Trainingsumfang: Sp\u00fcrbare Ver\u00e4nderungen bei 2x\/Woche Training  Besonderheiten: Erweiterung des Erfahrungsschatzes, Verst\u00e4ndnis f\u00fcr K\u00f6rperzusammenh\u00e4nge","og_url":"https:\/\/www.360bodyrevolution.de\/en\/product\/360-bodyrevolution-ganzkoerperkraeftigungskurs\/","og_site_name":"360 Bodyrevolution","article_modified_time":"2025-03-06T00:41:13+00:00","og_image":[{"width":1200,"height":737,"url":"https:\/\/www.360bodyrevolution.de\/wp-content\/uploads\/2024\/10\/360.jpg","type":"image\/jpeg"}],"twitter_card":"summary_large_image","twitter_misc":{"Est. reading time":"2 minutes"},"schema":{"@context":"https:\/\/schema.org","@graph":[{"@type":"WebPage","@id":"https:\/\/www.360bodyrevolution.de\/produkt\/360-bodyrevolution-ganzkoerperkraeftigungskurs\/","url":"https:\/\/www.360bodyrevolution.de\/produkt\/360-bodyrevolution-ganzkoerperkraeftigungskurs\/","name":"360 Bodyrevolution - Ganzk\u00f6rperkr\u00e4ftigungskurs","isPartOf":{"@id":"https:\/\/www.360bodyrevolution.de\/#website"},"primaryImageOfPage":{"@id":"https:\/\/www.360bodyrevolution.de\/produkt\/360-bodyrevolution-ganzkoerperkraeftigungskurs\/#primaryimage"},"image":{"@id":"https:\/\/www.360bodyrevolution.de\/produkt\/360-bodyrevolution-ganzkoerperkraeftigungskurs\/#primaryimage"},"thumbnailUrl":"https:\/\/www.360bodyrevolution.de\/wp-content\/uploads\/2024\/10\/360-1.jpg","datePublished":"2024-06-27T23:00:45+00:00","dateModified":"2025-03-06T00:41:13+00:00","breadcrumb":{"@id":"https:\/\/www.360bodyrevolution.de\/produkt\/360-bodyrevolution-ganzkoerperkraeftigungskurs\/#breadcrumb"},"inLanguage":"en-US","potentialAction":[{"@type":"ReadAction","target":["https:\/\/www.360bodyrevolution.de\/produkt\/360-bodyrevolution-ganzkoerperkraeftigungskurs\/"]}]},{"@type":"ImageObject","inLanguage":"en-US","@id":"https:\/\/www.360bodyrevolution.de\/produkt\/360-bodyrevolution-ganzkoerperkraeftigungskurs\/#primaryimage","url":"https:\/\/www.360bodyrevolution.de\/wp-content\/uploads\/2024\/10\/360-1.jpg","contentUrl":"https:\/\/www.360bodyrevolution.de\/wp-content\/uploads\/2024\/10\/360-1.jpg","width":1200,"height":737},{"@type":"BreadcrumbList","@id":"https:\/\/www.360bodyrevolution.de\/produkt\/360-bodyrevolution-ganzkoerperkraeftigungskurs\/#breadcrumb","itemListElement":[{"@type":"ListItem","position":1,"name":"Startseite","item":"https:\/\/www.360bodyrevolution.de\/step\/360-landingpage\/"},{"@type":"ListItem","position":2,"name":"Shop","item":"https:\/\/www.360bodyrevolution.de\/shop\/"},{"@type":"ListItem","position":3,"name":"360 BodyRevolution \u2013 Ganzk\u00f6rperkr\u00e4ftigungskurs"}]},{"@type":"WebSite","@id":"https:\/\/www.360bodyrevolution.de\/#website","url":"https:\/\/www.360bodyrevolution.de\/","name":"360 Bodyrevolution","description":"","publisher":{"@id":"https:\/\/www.360bodyrevolution.de\/#organization"},"potentialAction":[{"@type":"SearchAction","target":{"@type":"EntryPoint","urlTemplate":"https:\/\/www.360bodyrevolution.de\/?s={search_term_string}"},"query-input":{"@type":"PropertyValueSpecification","valueRequired":true,"valueName":"search_term_string"}}],"inLanguage":"en-US"},{"@type":"Organization","@id":"https:\/\/www.360bodyrevolution.de\/#organization","name":"360 Bodyrevolution","url":"https:\/\/www.360bodyrevolution.de\/","logo":{"@type":"ImageObject","inLanguage":"en-US","@id":"https:\/\/www.360bodyrevolution.de\/#\/schema\/logo\/image\/","url":"https:\/\/www.360bodyrevolution.de\/wp-content\/uploads\/2024\/05\/cropped-IMG_2034-scaled-1.jpg","contentUrl":"https:\/\/www.360bodyrevolution.de\/wp-content\/uploads\/2024\/05\/cropped-IMG_2034-scaled-1.jpg","width":2559,"height":1502,"caption":"360 Bodyrevolution"},"image":{"@id":"https:\/\/www.360bodyrevolution.de\/#\/schema\/logo\/image\/"}}]}},"jetpack_sharing_enabled":true,"_links":{"self":[{"href":"https:\/\/www.360bodyrevolution.de\/en\/wp-json\/wp\/v2\/product\/70","targetHints":{"allow":["GET"]}}],"collection":[{"href":"https:\/\/www.360bodyrevolution.de\/en\/wp-json\/wp\/v2\/product"}],"about":[{"href":"https:\/\/www.360bodyrevolution.de\/en\/wp-json\/wp\/v2\/types\/product"}],"version-history":[{"count":0,"href":"https:\/\/www.360bodyrevolution.de\/en\/wp-json\/wp\/v2\/product\/70\/revisions"}],"wp:featuredmedia":[{"embeddable":true,"href":"https:\/\/www.360bodyrevolution.de\/en\/wp-json\/wp\/v2\/media\/1478"}],"wp:attachment":[{"href":"https:\/\/www.360bodyrevolution.de\/en\/wp-json\/wp\/v2\/media?parent=70"}],"wp:term":[{"taxonomy":"product_brand","embeddable":true,"href":"https:\/\/www.360bodyrevolution.de\/en\/wp-json\/wp\/v2\/product_brand?post=70"},{"taxonomy":"product_cat","embeddable":true,"href":"https:\/\/www.360bodyrevolution.de\/en\/wp-json\/wp\/v2\/product_cat?post=70"},{"taxonomy":"product_tag","embeddable":true,"href":"https:\/\/www.360bodyrevolution.de\/en\/wp-json\/wp\/v2\/product_tag?post=70"}],"curies":[{"name":"wp","href":"https:\/\/api.w.org\/{rel}","templated":true}]}}