{"id":763,"date":"2024-09-29T23:53:08","date_gmt":"2024-09-29T21:53:08","guid":{"rendered":"https:\/\/www.360bodyrevolution.de\/?page_id=763"},"modified":"2024-10-01T12:54:25","modified_gmt":"2024-10-01T10:54:25","slug":"widerrufsrecht-fuer-dienstleistungen","status":"publish","type":"page","link":"https:\/\/www.360bodyrevolution.de\/en\/widerrufsrecht-fuer-dienstleistungen\/","title":{"rendered":"Widerrufsrecht f\u00fcr Dienstleistungen"},"content":{"rendered":"<p>&nbsp;<\/p>\n<p><strong>Widerrufsrecht f\u00fcr Verbraucher<\/strong><br \/>\n(Verbraucher ist jede nat\u00fcrliche Person, die ein Rechtsgesch\u00e4ft zu Zwecken abschlie\u00dft, die \u00fcberwiegend weder ihrer gewerblichen noch ihrer selbstst\u00e4ndigen beruflichen T\u00e4tigkeit zugerechnet werden k\u00f6nnen.)<\/p>\n<p><strong>Widerrufsbelehrung<\/strong><\/p>\n<p><strong>Widerrufsrecht<\/strong><br \/>\nSie haben das Recht, binnen vierzehn Tagen ohne Angabe von Gr\u00fcnden diesen Vertrag zu widerrufen.<br \/>\nDie Widerrufsfrist betr\u00e4gt vierzehn Tage ab dem Tag des Vertragsabschlusses.<\/p>\n<p>Um Ihr Widerrufsrecht auszu\u00fcben, m\u00fcssen Sie uns (<strong>K\u00f6rper &amp; Geist (Marco Wolf), Staltacher Stra\u00dfe 88, 82393 Iffeldorf, Telefonnummer: Auf Anfrage, E-Mail-Adresse: <a href=\"mailto:info@360bodyrevolution.de\">info@360bodyrevolution.de<\/a><\/strong>)\u00a0mittels einer eindeutigen Erkl\u00e4rung (z.B. ein mit der Post versandter Brief oder eine E-Mail) \u00fcber Ihren Entschluss, diesen Vertrag zu widerrufen, informieren. Sie k\u00f6nnen daf\u00fcr das beigef\u00fcgte Muster-Widerrufsformular verwenden, das jedoch nicht vorgeschrieben ist.<\/p>\n<p>Sie k\u00f6nnen das Muster-Widerrufsformular oder eine andere eindeutige Erkl\u00e4rung auch auf unserer Webseite (<a href=\"https:\/\/www.360bodyrevolution.de\/en\/\">https:\/\/www.360bodyrevolution.de<\/a>) elektronisch ausf\u00fcllen und \u00fcbermitteln. Machen Sie von dieser M\u00f6glichkeit Gebrauch, so werden wir Ihnen unverz\u00fcglich (z.B. per E-Mail) eine Best\u00e4tigung \u00fcber den Eingang eines solchen Widerrufs <a>\u00fcbermitteln.<\/a><\/p>\n<p>Zur Wahrung der Widerrufsfrist reicht es aus, dass Sie die Mitteilung \u00fcber die Aus\u00fcbung des Widerrufsrechts vor Ablauf der Widerrufsfrist absenden.<\/p>\n<p><strong>Folgen des Widerrufs <\/strong><\/p>\n<p>Wenn Sie diesen Vertrag widerrufen, haben wir Ihnen alle Zahlungen, die wir von Ihnen erhalten haben, einschlie\u00dflich der Lieferkosten (mit Ausnahme der zus\u00e4tzlichen Kosten, die sich daraus ergeben, dass Sie eine andere Art der Lieferung als die von uns angebotene, g\u00fcnstigste Standardlieferung gew\u00e4hlt haben), unverz\u00fcglich und sp\u00e4testens binnen vierzehn Tagen ab dem Tag zur\u00fcckzuzahlen, an dem die Mitteilung \u00fcber Ihren Widerruf dieses Vertrags bei uns eingegangen ist. F\u00fcr diese R\u00fcckzahlung verwenden wir dasselbe Zahlungsmittel, das Sie bei der urspr\u00fcnglichen Transaktion eingesetzt haben, es sei denn, mit Ihnen wurde ausdr\u00fccklich etwas anderes vereinbart; in keinem Fall werden Ihnen wegen dieser R\u00fcckzahlung Entgelte berechnet.<\/p>\n<p>Haben Sie verlangt, dass die Dienstleistungen, f\u00fcr die der Vertrag die Zahlung eines Preises vorsieht, w\u00e4hrend der Widerrufsfrist beginnen soll, so haben Sie uns einen angemessenen Betrag zu zahlen, der dem Anteil der bis zu dem Zeitpunkt, zu dem Sie uns von der Aus\u00fcbung des Widerrufsrechts hinsichtlich dieses Vertrags unterrichten, bereits erbrachten Dienstleistungen im Vergleich zum Gesamtumfang der im Vertrag vorgesehenen Dienstleistungen <a>entspricht<\/a>.<\/p>\n<p><strong>Ausschluss- bzw. Erl\u00f6schensgr\u00fcnde<\/strong><\/p>\n<p>Das Widerrufsrecht besteht nicht bei Vertr\u00e4gen zur Erbringung von Dienstleistungen im Zusammenhang mit Freizeitbet\u00e4tigungen, wenn der Vertrag f\u00fcr die Erbringung einen spezifischen Termin oder Zeitraum vorsieht.<\/p>\n<p>Das Widerrufsrecht erlischt bei einem Vertrag \u00fcber die Erbringung von Dienstleistungen, der den Verbraucher zur Zahlung eines Preises verpflichtet, mit der vollst\u00e4ndigen Erbringung der Dienstleistung, wenn der Verbraucher vor Beginn der Erbringung ausdr\u00fccklich zugestimmt hat, dass der Unternehmer mit der Erbringung der Dienstleistung vor Ablauf der Widerrufsfrist beginnt und seine Kenntnis davon best\u00e4tigt hat, dass sein Widerrufsrecht mit vollst\u00e4ndiger Vertragserf\u00fcllung durch den Unternehmer erlischt.<\/p>\n<div><\/div>\n<p>&nbsp;<\/p>\n<hr \/>\n<p><strong>Muster-Widerrufsformular<\/strong><\/p>\n<p>(Wenn Sie den Vertrag widerrufen wollen, dann f\u00fcllen Sie bitte dieses Formular aus und senden Sie es zur\u00fcck.)<\/p>\n<p>&#8211; An K\u00f6rper &amp; Geist (Marco Wolf), Staltacher Stra\u00dfe 88, 82393 Iffeldorf, E-Mail-Adresse: <a href=\"mailto:info@360bodyrevolution.de\">info@360bodyrevolution.de<\/a><\/p>\n<p>&#8211; Hiermit widerrufe(n) ich\/ wir (*) den von mir\/ uns (*) abgeschlossenen Vertrag \u00fcber den Kauf der folgenden Waren (*)\/<br \/>\ndie Erbringung der folgenden Dienstleistung (*)<\/p>\n<p>&#8211; Bestellt am (*)\/ erhalten am (*)<\/p>\n<p>&#8211; Name des\/ der Verbraucher(s)<br \/>\n&#8211; Anschrift des\/ der Verbraucher(s)<br \/>\n&#8211; Unterschrift des\/ der Verbraucher(s) (nur bei Mitteilung auf Papier)<br \/>\n&#8211; Datum<\/p>\n<p>(*) Unzutreffendes streichen.<\/p>\n<p>&nbsp;<\/p>","protected":false},"excerpt":{"rendered":"<p>&nbsp; Widerrufsrecht f\u00fcr Verbraucher (Verbraucher ist jede nat\u00fcrliche Person, die ein Rechtsgesch\u00e4ft zu Zwecken abschlie\u00dft, die \u00fcberwiegend weder ihrer gewerblichen noch ihrer selbstst\u00e4ndigen beruflichen T\u00e4tigkeit zugerechnet werden k\u00f6nnen.) Widerrufsbelehrung Widerrufsrecht Sie haben das Recht, binnen vierzehn Tagen ohne Angabe von Gr\u00fcnden diesen Vertrag zu widerrufen. Die Widerrufsfrist betr\u00e4gt vierzehn Tage ab dem Tag des Vertragsabschlusses. [&hellip;]<\/p>\n","protected":false},"author":4,"featured_media":0,"parent":0,"menu_order":0,"comment_status":"closed","ping_status":"closed","template":"","meta":{"footnotes":""},"class_list":["post-763","page","type-page","status-publish","hentry"],"yoast_head":"<!-- This site is optimized with the Yoast SEO plugin v27.5 - https:\/\/yoast.com\/product\/yoast-seo-wordpress\/ -->\n<title>Widerrufsrecht f\u00fcr Dienstleistungen - 360 Bodyrevolution<\/title>\n<meta name=\"robots\" content=\"noindex, nofollow\" \/>\n<meta property=\"og:locale\" content=\"en_US\" \/>\n<meta property=\"og:type\" content=\"article\" \/>\n<meta property=\"og:title\" content=\"Widerrufsrecht f\u00fcr Dienstleistungen - 360 Bodyrevolution\" \/>\n<meta property=\"og:description\" content=\"&nbsp; Widerrufsrecht f\u00fcr Verbraucher (Verbraucher ist jede nat\u00fcrliche Person, die ein Rechtsgesch\u00e4ft zu Zwecken abschlie\u00dft, die \u00fcberwiegend weder ihrer gewerblichen noch ihrer selbstst\u00e4ndigen beruflichen T\u00e4tigkeit zugerechnet werden k\u00f6nnen.) Widerrufsbelehrung Widerrufsrecht Sie haben das Recht, binnen vierzehn Tagen ohne Angabe von Gr\u00fcnden diesen Vertrag zu widerrufen. Die Widerrufsfrist betr\u00e4gt vierzehn Tage ab dem Tag des Vertragsabschlusses. [&hellip;]\" \/>\n<meta property=\"og:url\" content=\"https:\/\/www.360bodyrevolution.de\/en\/widerrufsrecht-fuer-dienstleistungen\/\" \/>\n<meta property=\"og:site_name\" content=\"360 Bodyrevolution\" \/>\n<meta property=\"article:modified_time\" content=\"2024-10-01T10:54:25+00:00\" \/>\n<meta name=\"twitter:card\" content=\"summary_large_image\" \/>\n<meta name=\"twitter:label1\" content=\"Est. reading time\" \/>\n\t<meta name=\"twitter:data1\" content=\"3 minutes\" \/>\n<script type=\"application\/ld+json\" class=\"yoast-schema-graph\">{\"@context\":\"https:\\\/\\\/schema.org\",\"@graph\":[{\"@type\":\"WebPage\",\"@id\":\"https:\\\/\\\/www.360bodyrevolution.de\\\/widerrufsrecht-fuer-dienstleistungen\\\/\",\"url\":\"https:\\\/\\\/www.360bodyrevolution.de\\\/widerrufsrecht-fuer-dienstleistungen\\\/\",\"name\":\"Widerrufsrecht f\u00fcr Dienstleistungen - 360 Bodyrevolution\",\"isPartOf\":{\"@id\":\"https:\\\/\\\/www.360bodyrevolution.de\\\/#website\"},\"datePublished\":\"2024-09-29T21:53:08+00:00\",\"dateModified\":\"2024-10-01T10:54:25+00:00\",\"breadcrumb\":{\"@id\":\"https:\\\/\\\/www.360bodyrevolution.de\\\/widerrufsrecht-fuer-dienstleistungen\\\/#breadcrumb\"},\"inLanguage\":\"en-US\",\"potentialAction\":[{\"@type\":\"ReadAction\",\"target\":[\"https:\\\/\\\/www.360bodyrevolution.de\\\/widerrufsrecht-fuer-dienstleistungen\\\/\"]}]},{\"@type\":\"BreadcrumbList\",\"@id\":\"https:\\\/\\\/www.360bodyrevolution.de\\\/widerrufsrecht-fuer-dienstleistungen\\\/#breadcrumb\",\"itemListElement\":[{\"@type\":\"ListItem\",\"position\":1,\"name\":\"Startseite\",\"item\":\"https:\\\/\\\/www.360bodyrevolution.de\\\/step\\\/360-landingpage\\\/\"},{\"@type\":\"ListItem\",\"position\":2,\"name\":\"Widerrufsrecht f\u00fcr Dienstleistungen\"}]},{\"@type\":\"WebSite\",\"@id\":\"https:\\\/\\\/www.360bodyrevolution.de\\\/#website\",\"url\":\"https:\\\/\\\/www.360bodyrevolution.de\\\/\",\"name\":\"360 Bodyrevolution\",\"description\":\"\",\"publisher\":{\"@id\":\"https:\\\/\\\/www.360bodyrevolution.de\\\/#organization\"},\"potentialAction\":[{\"@type\":\"SearchAction\",\"target\":{\"@type\":\"EntryPoint\",\"urlTemplate\":\"https:\\\/\\\/www.360bodyrevolution.de\\\/?s={search_term_string}\"},\"query-input\":{\"@type\":\"PropertyValueSpecification\",\"valueRequired\":true,\"valueName\":\"search_term_string\"}}],\"inLanguage\":\"en-US\"},{\"@type\":\"Organization\",\"@id\":\"https:\\\/\\\/www.360bodyrevolution.de\\\/#organization\",\"name\":\"360 Bodyrevolution\",\"url\":\"https:\\\/\\\/www.360bodyrevolution.de\\\/\",\"logo\":{\"@type\":\"ImageObject\",\"inLanguage\":\"en-US\",\"@id\":\"https:\\\/\\\/www.360bodyrevolution.de\\\/#\\\/schema\\\/logo\\\/image\\\/\",\"url\":\"https:\\\/\\\/www.360bodyrevolution.de\\\/wp-content\\\/uploads\\\/2024\\\/05\\\/cropped-IMG_2034-scaled-1.jpg\",\"contentUrl\":\"https:\\\/\\\/www.360bodyrevolution.de\\\/wp-content\\\/uploads\\\/2024\\\/05\\\/cropped-IMG_2034-scaled-1.jpg\",\"width\":2559,\"height\":1502,\"caption\":\"360 Bodyrevolution\"},\"image\":{\"@id\":\"https:\\\/\\\/www.360bodyrevolution.de\\\/#\\\/schema\\\/logo\\\/image\\\/\"}}]}<\/script>\n<!-- \/ Yoast SEO plugin. -->","yoast_head_json":{"title":"Widerrufsrecht f\u00fcr Dienstleistungen - 360 Bodyrevolution","robots":{"index":"noindex","follow":"nofollow"},"og_locale":"en_US","og_type":"article","og_title":"Widerrufsrecht f\u00fcr Dienstleistungen - 360 Bodyrevolution","og_description":"&nbsp; Widerrufsrecht f\u00fcr Verbraucher (Verbraucher ist jede nat\u00fcrliche Person, die ein Rechtsgesch\u00e4ft zu Zwecken abschlie\u00dft, die \u00fcberwiegend weder ihrer gewerblichen noch ihrer selbstst\u00e4ndigen beruflichen T\u00e4tigkeit zugerechnet werden k\u00f6nnen.) Widerrufsbelehrung Widerrufsrecht Sie haben das Recht, binnen vierzehn Tagen ohne Angabe von Gr\u00fcnden diesen Vertrag zu widerrufen. Die Widerrufsfrist betr\u00e4gt vierzehn Tage ab dem Tag des Vertragsabschlusses. [&hellip;]","og_url":"https:\/\/www.360bodyrevolution.de\/en\/widerrufsrecht-fuer-dienstleistungen\/","og_site_name":"360 Bodyrevolution","article_modified_time":"2024-10-01T10:54:25+00:00","twitter_card":"summary_large_image","twitter_misc":{"Est. reading time":"3 minutes"},"schema":{"@context":"https:\/\/schema.org","@graph":[{"@type":"WebPage","@id":"https:\/\/www.360bodyrevolution.de\/widerrufsrecht-fuer-dienstleistungen\/","url":"https:\/\/www.360bodyrevolution.de\/widerrufsrecht-fuer-dienstleistungen\/","name":"Widerrufsrecht f\u00fcr Dienstleistungen - 360 Bodyrevolution","isPartOf":{"@id":"https:\/\/www.360bodyrevolution.de\/#website"},"datePublished":"2024-09-29T21:53:08+00:00","dateModified":"2024-10-01T10:54:25+00:00","breadcrumb":{"@id":"https:\/\/www.360bodyrevolution.de\/widerrufsrecht-fuer-dienstleistungen\/#breadcrumb"},"inLanguage":"en-US","potentialAction":[{"@type":"ReadAction","target":["https:\/\/www.360bodyrevolution.de\/widerrufsrecht-fuer-dienstleistungen\/"]}]},{"@type":"BreadcrumbList","@id":"https:\/\/www.360bodyrevolution.de\/widerrufsrecht-fuer-dienstleistungen\/#breadcrumb","itemListElement":[{"@type":"ListItem","position":1,"name":"Startseite","item":"https:\/\/www.360bodyrevolution.de\/step\/360-landingpage\/"},{"@type":"ListItem","position":2,"name":"Widerrufsrecht f\u00fcr Dienstleistungen"}]},{"@type":"WebSite","@id":"https:\/\/www.360bodyrevolution.de\/#website","url":"https:\/\/www.360bodyrevolution.de\/","name":"360 Bodyrevolution","description":"","publisher":{"@id":"https:\/\/www.360bodyrevolution.de\/#organization"},"potentialAction":[{"@type":"SearchAction","target":{"@type":"EntryPoint","urlTemplate":"https:\/\/www.360bodyrevolution.de\/?s={search_term_string}"},"query-input":{"@type":"PropertyValueSpecification","valueRequired":true,"valueName":"search_term_string"}}],"inLanguage":"en-US"},{"@type":"Organization","@id":"https:\/\/www.360bodyrevolution.de\/#organization","name":"360 Bodyrevolution","url":"https:\/\/www.360bodyrevolution.de\/","logo":{"@type":"ImageObject","inLanguage":"en-US","@id":"https:\/\/www.360bodyrevolution.de\/#\/schema\/logo\/image\/","url":"https:\/\/www.360bodyrevolution.de\/wp-content\/uploads\/2024\/05\/cropped-IMG_2034-scaled-1.jpg","contentUrl":"https:\/\/www.360bodyrevolution.de\/wp-content\/uploads\/2024\/05\/cropped-IMG_2034-scaled-1.jpg","width":2559,"height":1502,"caption":"360 Bodyrevolution"},"image":{"@id":"https:\/\/www.360bodyrevolution.de\/#\/schema\/logo\/image\/"}}]}},"jetpack_sharing_enabled":true,"_links":{"self":[{"href":"https:\/\/www.360bodyrevolution.de\/en\/wp-json\/wp\/v2\/pages\/763","targetHints":{"allow":["GET"]}}],"collection":[{"href":"https:\/\/www.360bodyrevolution.de\/en\/wp-json\/wp\/v2\/pages"}],"about":[{"href":"https:\/\/www.360bodyrevolution.de\/en\/wp-json\/wp\/v2\/types\/page"}],"author":[{"embeddable":true,"href":"https:\/\/www.360bodyrevolution.de\/en\/wp-json\/wp\/v2\/users\/4"}],"replies":[{"embeddable":true,"href":"https:\/\/www.360bodyrevolution.de\/en\/wp-json\/wp\/v2\/comments?post=763"}],"version-history":[{"count":0,"href":"https:\/\/www.360bodyrevolution.de\/en\/wp-json\/wp\/v2\/pages\/763\/revisions"}],"wp:attachment":[{"href":"https:\/\/www.360bodyrevolution.de\/en\/wp-json\/wp\/v2\/media?parent=763"}],"curies":[{"name":"wp","href":"https:\/\/api.w.org\/{rel}","templated":true}]}}