{"id":17,"date":"2024-04-27T00:53:57","date_gmt":"2024-04-26T22:53:57","guid":{"rendered":"https:\/\/www.360bodyrevolution.de\/?page_id=17"},"modified":"2025-04-04T14:43:08","modified_gmt":"2025-04-04T12:43:08","slug":"impressum","status":"publish","type":"page","link":"https:\/\/www.360bodyrevolution.de\/en\/impressum\/","title":{"rendered":"Impressum"},"content":{"rendered":"<div data-elementor-type=\"wp-page\" data-elementor-id=\"17\" class=\"elementor elementor-17\" data-elementor-post-type=\"page\">\n\t\t\t\t<div class=\"elementor-element elementor-element-8af2d17 e-flex e-con-boxed e-con e-parent\" data-id=\"8af2d17\" data-element_type=\"container\" data-e-type=\"container\">\n\t\t\t\t\t<div class=\"e-con-inner\">\n\t\t\t\t<div class=\"elementor-element elementor-element-9aa50e6 elementor-widget elementor-widget-erecht24\" data-id=\"9aa50e6\" data-element_type=\"widget\" data-e-type=\"widget\" data-widget_type=\"erecht24.default\">\n\t\t\t\t<div class=\"elementor-widget-container\">\n\t\t\t\t\t<div class=\"erecht24-elementor-widget\"><div style=\"word-wrap: break-word;\"><h1>Impressum<\/h1>\n\n<p>Marco Wolf<br \/>\nK&ouml;rper &amp; Geist<br \/>\nStaltacher Stra&szlig;e 88<br \/>\n82393 Iffeldorf<\/p>\n\n<h2>Kontakt<\/h2>\n<p>Telefon: Auf Anfrage<br \/>\nE-Mail: info@360bodyrevolution.de<\/p>\n\n<h2>Redaktionell verantwortlich<\/h2>\n<p>Marco Wolf<br \/>\r\nStaltacher Stra&szlig;e 88<br \/>\r\n82393 Iffeldorf<\/p>\n\n<h2>EU-Streitschlichtung<\/h2>\n<p>Die Europ&auml;ische Kommission stellt eine Plattform zur Online-Streitbeilegung (OS) bereit: <a href=\"https:\/\/ec.europa.eu\/consumers\/odr\/\" target=\"_blank\" rel=\"noopener noreferrer\">https:\/\/ec.europa.eu\/consumers\/odr\/<\/a>.<br \/> Unsere E-Mail-Adresse finden Sie oben im Impressum.<\/p>\n\n<h2>Verbraucher&shy;streit&shy;beilegung\/Universal&shy;schlichtungs&shy;stelle<\/h2>\n<p>Wir sind nicht bereit oder verpflichtet, an Streitbeilegungsverfahren vor einer Verbraucherschlichtungsstelle teilzunehmen.<\/p><\/div><\/div>\t\t\t\t<\/div>\n\t\t\t\t<\/div>\n\t\t\t\t<div class=\"elementor-element elementor-element-b5dca15 elementor-widget elementor-widget-html\" data-id=\"b5dca15\" data-element_type=\"widget\" data-e-type=\"widget\" data-widget_type=\"html.default\">\n\t\t\t\t<div class=\"elementor-widget-container\">\n\t\t\t\t\t<h3>Haftung f\u00fcr Inhalte<\/h3>\n<p>Als Diensteanbieter sind wir gem\u00e4\u00df \u00a7 7 Abs. 1 DDG (Digitale-Dienste-Gesetz) f\u00fcr eigene Inhalte auf diesen Seiten nach den allgemeinen Gesetzen verantwortlich. Nach den \u00a7\u00a7 8 bis 10 DDG sind wir als Diensteanbieter jedoch nicht verpflichtet, \u00fcbermittelte oder gespeicherte fremde Informationen zu \u00fcberwachen oder nach Umst\u00e4nden zu forschen, die auf eine rechtswidrige T\u00e4tigkeit hinweisen.<\/p>\n<p>Verpflichtungen zur Entfernung oder Sperrung der Nutzung von Informationen nach den allgemeinen Gesetzen bleiben hiervon unber\u00fchrt. Eine diesbez\u00fcgliche Haftung ist jedoch erst ab dem Zeitpunkt der Kenntnis einer konkreten Rechtsverletzung m\u00f6glich. Bei Bekanntwerden von entsprechenden Rechtsverletzungen werden wir diese Inhalte umgehend entfernen.<\/p>\n\n<h3>Haftung f\u00fcr Links<\/h3>\n<p>Unser Angebot enth\u00e4lt Links zu externen Webseiten Dritter, auf deren Inhalte wir keinen Einfluss haben. Deshalb k\u00f6nnen wir f\u00fcr diese fremden Inhalte auch keine Gew\u00e4hr \u00fcbernehmen. F\u00fcr die Inhalte der verlinkten Seiten ist stets der jeweilige Anbieter oder Betreiber der Seiten verantwortlich. Die verlinkten Seiten wurden zum Zeitpunkt der Verlinkung auf m\u00f6gliche Rechtsverst\u00f6\u00dfe \u00fcberpr\u00fcft. Rechtswidrige Inhalte waren zum Zeitpunkt der Verlinkung nicht erkennbar.<\/p>\n<p>Eine permanente inhaltliche Kontrolle der verlinkten Seiten ist jedoch ohne konkrete Anhaltspunkte einer Rechtsverletzung nicht zumutbar. Bei Bekanntwerden von Rechtsverletzungen werden wir derartige Links umgehend entfernen.<\/p>\n\n<h3>Urheberrecht &amp; Nutzungsrechte<\/h3>\n<p>Die durch <strong>Marketing-Brand\u00ae | Leon H\u00fcttl, Maximilianstra\u00dfe 46, 75172 Pforzheim<\/strong> erstellten Inhalte, Designs und technischen Umsetzungen dieser Webseite unterliegen dem deutschen Urheberrecht. Sofern nicht ausdr\u00fccklich anders vereinbart, verbleiben alle Urheberrechte an individuell erstellten Layouts, Texten, Programmierungen und sonstigen kreativen Leistungen bei der Agentur.<\/p>\n<p>Dem Seitenbetreiber wurde im Rahmen der Zusammenarbeit ein einfaches, nicht ausschlie\u00dfliches und nicht \u00fcbertragbares Nutzungsrecht zur Verwendung der Webseite f\u00fcr eigene Zwecke einger\u00e4umt. Weitere Nutzungen \u2013 insbesondere eine Bearbeitung oder Weitergabe an Dritte \u2013 bed\u00fcrfen einer gesonderten Vereinbarung mit Marketing-Brand\u00ae.<\/p>\n<p>Soweit Inhalte auf dieser Seite nicht von uns erstellt wurden, werden die Urheberrechte Dritter beachtet. Insbesondere werden Inhalte Dritter als solche gekennzeichnet. Solltest du trotzdem auf eine Urheberrechtsverletzung aufmerksam werden, bitten wir um einen entsprechenden Hinweis. Bei Bekanntwerden von Rechtsverletzungen werden wir derartige Inhalte umgehend entfernen.<\/p>\n\n<p><strong>Stand:<\/strong> M\u00e4rz 2025<\/p>\n\t\t\t\t<\/div>\n\t\t\t\t<\/div>\n\t\t\t\t\t<\/div>\n\t\t\t\t<\/div>\n\t\t\t\t<\/div>","protected":false},"excerpt":{"rendered":"<p>Impressum Marco Wolf K&ouml;rper &amp; Geist Staltacher Stra&szlig;e 88 82393 Iffeldorf Kontakt Telefon: Auf Anfrage E-Mail: info@360bodyrevolution.de Redaktionell verantwortlich Marco Wolf Staltacher Stra&szlig;e 88 82393 Iffeldorf EU-Streitschlichtung Die Europ&auml;ische Kommission stellt eine Plattform zur Online-Streitbeilegung (OS) bereit: https:\/\/ec.europa.eu\/consumers\/odr\/. Unsere E-Mail-Adresse finden Sie oben im Impressum. Verbraucher&shy;streit&shy;beilegung\/Universal&shy;schlichtungs&shy;stelle Wir sind nicht bereit oder verpflichtet, an Streitbeilegungsverfahren vor [&hellip;]<\/p>\n","protected":false},"author":4,"featured_media":0,"parent":0,"menu_order":0,"comment_status":"closed","ping_status":"closed","template":"","meta":{"footnotes":""},"class_list":["post-17","page","type-page","status-publish","hentry"],"yoast_head":"<!-- This site is optimized with the Yoast SEO plugin v27.5 - https:\/\/yoast.com\/product\/yoast-seo-wordpress\/ -->\n<title>Impressum - 360 Bodyrevolution<\/title>\n<meta name=\"robots\" content=\"noindex, nofollow\" \/>\n<meta property=\"og:locale\" content=\"en_US\" \/>\n<meta property=\"og:type\" content=\"article\" \/>\n<meta property=\"og:title\" content=\"Impressum - 360 Bodyrevolution\" \/>\n<meta property=\"og:description\" content=\"Impressum Marco Wolf K&ouml;rper &amp; Geist Staltacher Stra&szlig;e 88 82393 Iffeldorf Kontakt Telefon: Auf Anfrage E-Mail: info@360bodyrevolution.de Redaktionell verantwortlich Marco Wolf Staltacher Stra&szlig;e 88 82393 Iffeldorf EU-Streitschlichtung Die Europ&auml;ische Kommission stellt eine Plattform zur Online-Streitbeilegung (OS) bereit: https:\/\/ec.europa.eu\/consumers\/odr\/. Unsere E-Mail-Adresse finden Sie oben im Impressum. Verbraucher&shy;streit&shy;beilegung\/Universal&shy;schlichtungs&shy;stelle Wir sind nicht bereit oder verpflichtet, an Streitbeilegungsverfahren vor [&hellip;]\" \/>\n<meta property=\"og:url\" content=\"https:\/\/www.360bodyrevolution.de\/en\/impressum\/\" \/>\n<meta property=\"og:site_name\" content=\"360 Bodyrevolution\" \/>\n<meta property=\"article:modified_time\" content=\"2025-04-04T12:43:08+00:00\" \/>\n<meta name=\"twitter:card\" content=\"summary_large_image\" \/>\n<meta name=\"twitter:label1\" content=\"Est. reading time\" \/>\n\t<meta name=\"twitter:data1\" content=\"3 minutes\" \/>\n<script type=\"application\/ld+json\" class=\"yoast-schema-graph\">{\"@context\":\"https:\\\/\\\/schema.org\",\"@graph\":[{\"@type\":\"WebPage\",\"@id\":\"https:\\\/\\\/www.360bodyrevolution.de\\\/impressum\\\/\",\"url\":\"https:\\\/\\\/www.360bodyrevolution.de\\\/impressum\\\/\",\"name\":\"Impressum - 360 Bodyrevolution\",\"isPartOf\":{\"@id\":\"https:\\\/\\\/www.360bodyrevolution.de\\\/#website\"},\"datePublished\":\"2024-04-26T22:53:57+00:00\",\"dateModified\":\"2025-04-04T12:43:08+00:00\",\"breadcrumb\":{\"@id\":\"https:\\\/\\\/www.360bodyrevolution.de\\\/impressum\\\/#breadcrumb\"},\"inLanguage\":\"en-US\",\"potentialAction\":[{\"@type\":\"ReadAction\",\"target\":[\"https:\\\/\\\/www.360bodyrevolution.de\\\/impressum\\\/\"]}]},{\"@type\":\"BreadcrumbList\",\"@id\":\"https:\\\/\\\/www.360bodyrevolution.de\\\/impressum\\\/#breadcrumb\",\"itemListElement\":[{\"@type\":\"ListItem\",\"position\":1,\"name\":\"Startseite\",\"item\":\"https:\\\/\\\/www.360bodyrevolution.de\\\/step\\\/360-landingpage\\\/\"},{\"@type\":\"ListItem\",\"position\":2,\"name\":\"Impressum\"}]},{\"@type\":\"WebSite\",\"@id\":\"https:\\\/\\\/www.360bodyrevolution.de\\\/#website\",\"url\":\"https:\\\/\\\/www.360bodyrevolution.de\\\/\",\"name\":\"360 Bodyrevolution\",\"description\":\"\",\"publisher\":{\"@id\":\"https:\\\/\\\/www.360bodyrevolution.de\\\/#organization\"},\"potentialAction\":[{\"@type\":\"SearchAction\",\"target\":{\"@type\":\"EntryPoint\",\"urlTemplate\":\"https:\\\/\\\/www.360bodyrevolution.de\\\/?s={search_term_string}\"},\"query-input\":{\"@type\":\"PropertyValueSpecification\",\"valueRequired\":true,\"valueName\":\"search_term_string\"}}],\"inLanguage\":\"en-US\"},{\"@type\":\"Organization\",\"@id\":\"https:\\\/\\\/www.360bodyrevolution.de\\\/#organization\",\"name\":\"360 Bodyrevolution\",\"url\":\"https:\\\/\\\/www.360bodyrevolution.de\\\/\",\"logo\":{\"@type\":\"ImageObject\",\"inLanguage\":\"en-US\",\"@id\":\"https:\\\/\\\/www.360bodyrevolution.de\\\/#\\\/schema\\\/logo\\\/image\\\/\",\"url\":\"https:\\\/\\\/www.360bodyrevolution.de\\\/wp-content\\\/uploads\\\/2024\\\/05\\\/cropped-IMG_2034-scaled-1.jpg\",\"contentUrl\":\"https:\\\/\\\/www.360bodyrevolution.de\\\/wp-content\\\/uploads\\\/2024\\\/05\\\/cropped-IMG_2034-scaled-1.jpg\",\"width\":2559,\"height\":1502,\"caption\":\"360 Bodyrevolution\"},\"image\":{\"@id\":\"https:\\\/\\\/www.360bodyrevolution.de\\\/#\\\/schema\\\/logo\\\/image\\\/\"}}]}<\/script>\n<!-- \/ Yoast SEO plugin. -->","yoast_head_json":{"title":"Impressum - 360 Bodyrevolution","robots":{"index":"noindex","follow":"nofollow"},"og_locale":"en_US","og_type":"article","og_title":"Impressum - 360 Bodyrevolution","og_description":"Impressum Marco Wolf K&ouml;rper &amp; Geist Staltacher Stra&szlig;e 88 82393 Iffeldorf Kontakt Telefon: Auf Anfrage E-Mail: info@360bodyrevolution.de Redaktionell verantwortlich Marco Wolf Staltacher Stra&szlig;e 88 82393 Iffeldorf EU-Streitschlichtung Die Europ&auml;ische Kommission stellt eine Plattform zur Online-Streitbeilegung (OS) bereit: https:\/\/ec.europa.eu\/consumers\/odr\/. Unsere E-Mail-Adresse finden Sie oben im Impressum. Verbraucher&shy;streit&shy;beilegung\/Universal&shy;schlichtungs&shy;stelle Wir sind nicht bereit oder verpflichtet, an Streitbeilegungsverfahren vor [&hellip;]","og_url":"https:\/\/www.360bodyrevolution.de\/en\/impressum\/","og_site_name":"360 Bodyrevolution","article_modified_time":"2025-04-04T12:43:08+00:00","twitter_card":"summary_large_image","twitter_misc":{"Est. reading time":"3 minutes"},"schema":{"@context":"https:\/\/schema.org","@graph":[{"@type":"WebPage","@id":"https:\/\/www.360bodyrevolution.de\/impressum\/","url":"https:\/\/www.360bodyrevolution.de\/impressum\/","name":"Impressum - 360 Bodyrevolution","isPartOf":{"@id":"https:\/\/www.360bodyrevolution.de\/#website"},"datePublished":"2024-04-26T22:53:57+00:00","dateModified":"2025-04-04T12:43:08+00:00","breadcrumb":{"@id":"https:\/\/www.360bodyrevolution.de\/impressum\/#breadcrumb"},"inLanguage":"en-US","potentialAction":[{"@type":"ReadAction","target":["https:\/\/www.360bodyrevolution.de\/impressum\/"]}]},{"@type":"BreadcrumbList","@id":"https:\/\/www.360bodyrevolution.de\/impressum\/#breadcrumb","itemListElement":[{"@type":"ListItem","position":1,"name":"Startseite","item":"https:\/\/www.360bodyrevolution.de\/step\/360-landingpage\/"},{"@type":"ListItem","position":2,"name":"Impressum"}]},{"@type":"WebSite","@id":"https:\/\/www.360bodyrevolution.de\/#website","url":"https:\/\/www.360bodyrevolution.de\/","name":"360 Bodyrevolution","description":"","publisher":{"@id":"https:\/\/www.360bodyrevolution.de\/#organization"},"potentialAction":[{"@type":"SearchAction","target":{"@type":"EntryPoint","urlTemplate":"https:\/\/www.360bodyrevolution.de\/?s={search_term_string}"},"query-input":{"@type":"PropertyValueSpecification","valueRequired":true,"valueName":"search_term_string"}}],"inLanguage":"en-US"},{"@type":"Organization","@id":"https:\/\/www.360bodyrevolution.de\/#organization","name":"360 Bodyrevolution","url":"https:\/\/www.360bodyrevolution.de\/","logo":{"@type":"ImageObject","inLanguage":"en-US","@id":"https:\/\/www.360bodyrevolution.de\/#\/schema\/logo\/image\/","url":"https:\/\/www.360bodyrevolution.de\/wp-content\/uploads\/2024\/05\/cropped-IMG_2034-scaled-1.jpg","contentUrl":"https:\/\/www.360bodyrevolution.de\/wp-content\/uploads\/2024\/05\/cropped-IMG_2034-scaled-1.jpg","width":2559,"height":1502,"caption":"360 Bodyrevolution"},"image":{"@id":"https:\/\/www.360bodyrevolution.de\/#\/schema\/logo\/image\/"}}]}},"jetpack_sharing_enabled":true,"_links":{"self":[{"href":"https:\/\/www.360bodyrevolution.de\/en\/wp-json\/wp\/v2\/pages\/17","targetHints":{"allow":["GET"]}}],"collection":[{"href":"https:\/\/www.360bodyrevolution.de\/en\/wp-json\/wp\/v2\/pages"}],"about":[{"href":"https:\/\/www.360bodyrevolution.de\/en\/wp-json\/wp\/v2\/types\/page"}],"author":[{"embeddable":true,"href":"https:\/\/www.360bodyrevolution.de\/en\/wp-json\/wp\/v2\/users\/4"}],"replies":[{"embeddable":true,"href":"https:\/\/www.360bodyrevolution.de\/en\/wp-json\/wp\/v2\/comments?post=17"}],"version-history":[{"count":0,"href":"https:\/\/www.360bodyrevolution.de\/en\/wp-json\/wp\/v2\/pages\/17\/revisions"}],"wp:attachment":[{"href":"https:\/\/www.360bodyrevolution.de\/en\/wp-json\/wp\/v2\/media?parent=17"}],"curies":[{"name":"wp","href":"https:\/\/api.w.org\/{rel}","templated":true}]}}